{"id":502,"date":"2025-02-15T11:21:41","date_gmt":"2025-02-15T11:21:41","guid":{"rendered":"https:\/\/igbpro.de\/?page_id=502"},"modified":"2025-04-09T11:52:27","modified_gmt":"2025-04-09T09:52:27","slug":"partners","status":"publish","type":"page","link":"https:\/\/igbpro.de\/de\/partners\/","title":{"rendered":"Partner-Angebote"},"content":{"rendered":"<div data-elementor-type=\"wp-page\" data-elementor-id=\"502\" class=\"elementor elementor-502\" data-elementor-post-type=\"page\">\n\t\t\t\t<div class=\"elementor-element elementor-element-b50faf1 e-con-full e-flex e-con e-parent\" data-id=\"b50faf1\" data-element_type=\"container\" data-e-type=\"container\">\n\t\t\t\t<div class=\"elementor-element elementor-element-3574f29 elementor-widget elementor-widget-ld_breadcrumb\" data-id=\"3574f29\" data-element_type=\"widget\" data-e-type=\"widget\" data-widget_type=\"ld_breadcrumb.default\">\n\t\t\t\t<div class=\"elementor-widget-container\">\n\t\t\t\t\t<div class=\"lqd-breadcrumb-wrapper\"><nav role=\"navigation\" aria-label=\"Paniermehl\" class=\"breadcrumbs\"><ol class=\"breadcrumb reset-ul inline-nav inline-ul comma-sep-li\"><li class=\"breadcrumb-item active\"><a href=\"https:\/\/igbpro.de\/de\" rel=\"home\"><span>Startseite<\/span><\/a><\/li><\/ol><\/nav><\/div>\t\t\t\t<\/div>\n\t\t\t\t<\/div>\n\t\t\t\t<\/div>\n\t\t<div class=\"elementor-element elementor-element-44cc34b e-con-full e-flex e-con e-parent\" data-id=\"44cc34b\" data-element_type=\"container\" data-e-type=\"container\" data-settings=\"{&quot;background_background&quot;:&quot;classic&quot;}\">\n\t\t<div class=\"elementor-element elementor-element-7b45564 e-con-full e-flex e-con e-child\" data-id=\"7b45564\" data-element_type=\"container\" data-e-type=\"container\">\n\t\t<div class=\"elementor-element elementor-element-526aeed e-con-full e-flex e-con e-child\" data-id=\"526aeed\" data-element_type=\"container\" data-e-type=\"container\">\n\t\t\t\t<div class=\"elementor-element elementor-element-3877817 elementor-widget elementor-widget-hub_fancy_heading\" data-id=\"3877817\" data-element_type=\"widget\" data-e-type=\"widget\" data-widget_type=\"hub_fancy_heading.default\">\n\t\t\t\t<div class=\"elementor-widget-container\">\n\t\t\t\t\t\n\t\t<div id=\"ld-fancy-heading-6a047699a486c\" class=\"ld-fancy-heading pos-rel\">\n\t\t\t<h1 class=\"ld-fh-element d-inline-block pos-rel  elementor-heading-title lqd-highlight-classic lqd-highlight-grow-left h1\"  > PARTNER<\/h1>\t\t<\/div>\n\n\t\t\t\t\t\t<\/div>\n\t\t\t\t<\/div>\n\t\t\t\t<div class=\"elementor-element elementor-element-d87506a elementor-widget__width-initial elementor-widget elementor-widget-hub_fancy_heading\" data-id=\"d87506a\" data-element_type=\"widget\" data-e-type=\"widget\" data-widget_type=\"hub_fancy_heading.default\">\n\t\t\t\t<div class=\"elementor-widget-container\">\n\t\t\t\t\t\n\t\t<div id=\"ld-fancy-heading-6a047699a51d4\" class=\"ld-fancy-heading pos-rel\">\n\t\t\t<h1 class=\"ld-fh-element d-inline-block pos-rel  elementor-heading-title lqd-highlight-classic lqd-highlight-grow-left h1\"  > Strategische Partnerschaften mit Branchenf\u00fchrern, Regierungsbeh\u00f6rden und Unternehmensnetzwerken in Deutschland und Indien.<\/h1>\t\t<\/div>\n\n\t\t\t\t\t\t<\/div>\n\t\t\t\t<\/div>\n\t\t\t\t<div class=\"elementor-element elementor-element-cef82f9 elementor-widget__width-initial elementor-widget elementor-widget-hub_fancy_heading\" data-id=\"cef82f9\" data-element_type=\"widget\" data-e-type=\"widget\" data-widget_type=\"hub_fancy_heading.default\">\n\t\t\t\t<div class=\"elementor-widget-container\">\n\t\t\t\t\t\n\t\t<div id=\"ld-fancy-heading-6a047699a5aec\" class=\"ld-fancy-heading pos-rel\">\n\t\t\t<h1 class=\"ld-fh-element d-inline-block pos-rel  elementor-heading-title lqd-highlight-classic lqd-highlight-grow-left h1\"  > Der Erfolg in einem neuen Markt h\u00e4ngt von den richtigen Verbindungen ab. Wir arbeiten mit wichtigen Partnern \u2013 von Regierungsinstitutionen bis hin zu Branchenverb\u00e4nden \u2013 zusammen, um Unternehmen die Ressourcen, das Fachwissen und die Netzwerke zu bieten, die sie f\u00fcr eine reibungslose Expansion ben\u00f6tigen.<\/h1>\t\t<\/div>\n\n\t\t\t\t\t\t<\/div>\n\t\t\t\t<\/div>\n\t\t\t\t<div class=\"elementor-element elementor-element-68a8b0f elementor-align-left elementor-widget elementor-widget-ld_button\" data-id=\"68a8b0f\" data-element_type=\"widget\" data-e-type=\"widget\" data-widget_type=\"ld_button.default\">\n\t\t\t\t<div class=\"elementor-widget-container\">\n\t\t\t\t\t\n\t\t\t<a\n\t\t\t\thref=\"https:\/\/igbpro.de\/de\/about-us\/\"class=\"elementor-button btn btn-solid btn-hover-txt-switch btn-hover-txt-switch-y btn-disable-magnetic-icon btn-icon-left btn-icon-circle btn-icon-md btn-icon-shaped btn-icon-bordered btn-has-label\"\t\t\t>\n\t\t\t\t\t\t\t\t\t<span data-text=\"About Us\" class=\"btn-txt\" data-transition-delay=\"true\" data-delay-options=\"{&quot;elements&quot;: &quot;.lqd-chars&quot;, &quot;delayType&quot;: &quot;animation&quot;, &quot;startDelay&quot;: 0, &quot;delayBetween&quot;: 32.5}\" data-split-text=\"true\" data-split-options=\"{&quot;type&quot;: &quot;chars, words&quot;}\">\n\t\t\t\t\t\t\u00dcber uns\t\t\t\t\t<\/span>\n\t\t\t\t\t\t\t\t\t\t\t\t\t\t<span class=\"btn-icon\">\n\t\t\t\t\t\t\t<i aria-hidden=\"true\" class=\"lqd-icn-ess icon-ion-ios-add\"><\/i>\t\t\t\t\t\t<\/span>\n\t\t\t\t\t\t\t\t\t<\/a>\n\t\t\t\t\t\t\t<\/div>\n\t\t\t\t<\/div>\n\t\t\t\t<div class=\"elementor-element elementor-element-d066a8e elementor-widget elementor-widget-hub_fancy_heading\" data-id=\"d066a8e\" data-element_type=\"widget\" data-e-type=\"widget\" data-widget_type=\"hub_fancy_heading.default\">\n\t\t\t\t<div class=\"elementor-widget-container\">\n\t\t\t\t\t\n\t\t<div id=\"ld-fancy-heading-6a047699a7906\" class=\"ld-fancy-heading pos-rel\">\n\t\t\t<h1 class=\"ld-fh-element d-inline-block pos-rel  elementor-heading-title lqd-highlight-classic lqd-highlight-grow-left h1\" ><a href=\"https:\/\/igbpro.de\/contact-us\/\" > Werden Sie Partner<\/a><\/h1>\t\t<\/div>\n\n\t\t\t\t\t\t<\/div>\n\t\t\t\t<\/div>\n\t\t\t\t<\/div>\n\t\t<div class=\"elementor-element elementor-element-77acf79 e-con-full e-flex e-con e-child\" data-id=\"77acf79\" data-element_type=\"container\" data-e-type=\"container\">\n\t\t\t\t<div class=\"elementor-element elementor-element-b08c799 elementor-widget elementor-widget-image\" data-id=\"b08c799\" data-element_type=\"widget\" data-e-type=\"widget\" data-widget_type=\"image.default\">\n\t\t\t\t\t\t\t\t\t\t\t\t\t\t\t<img fetchpriority=\"high\" decoding=\"async\" width=\"2650\" height=\"1550\" src=\"https:\/\/igbpro.de\/wp-content\/uploads\/2025\/02\/Karlsruhe_Palace-Opti.jpg\" class=\"attachment-full size-full wp-image-521\" alt=\"\" srcset=\"https:\/\/igbpro.de\/wp-content\/uploads\/2025\/02\/Karlsruhe_Palace-Opti.jpg 2650w, https:\/\/igbpro.de\/wp-content\/uploads\/2025\/02\/Karlsruhe_Palace-Opti-300x175.jpg 300w, https:\/\/igbpro.de\/wp-content\/uploads\/2025\/02\/Karlsruhe_Palace-Opti-1024x599.jpg 1024w, https:\/\/igbpro.de\/wp-content\/uploads\/2025\/02\/Karlsruhe_Palace-Opti-1536x898.jpg 1536w, https:\/\/igbpro.de\/wp-content\/uploads\/2025\/02\/Karlsruhe_Palace-Opti-2048x1198.jpg 2048w, https:\/\/igbpro.de\/wp-content\/uploads\/2025\/02\/Karlsruhe_Palace-Opti-18x12.avif 18w\" sizes=\"(max-width: 2650px) 100vw, 2650px\" \/>\t\t\t\t\t\t\t\t\t\t\t\t\t\t\t<\/div>\n\t\t\t\t<\/div>\n\t\t\t\t<\/div>\n\t\t\t\t<\/div>\n\t\t<div class=\"elementor-element elementor-element-0f3f7e1 e-con-full e-flex e-con e-parent\" data-id=\"0f3f7e1\" data-element_type=\"container\" data-e-type=\"container\" data-settings=\"{&quot;background_background&quot;:&quot;classic&quot;}\">\n\t\t<div class=\"elementor-element elementor-element-9229558 e-con-full e-flex e-con e-child\" data-id=\"9229558\" data-element_type=\"container\" data-e-type=\"container\" data-settings=\"{&quot;background_background&quot;:&quot;classic&quot;}\">\n\t\t<div class=\"elementor-element elementor-element-9331975 e-con-full e-flex e-con e-child\" data-id=\"9331975\" data-element_type=\"container\" data-e-type=\"container\">\n\t\t\t\t<div class=\"elementor-element elementor-element-7e47d5e elementor-widget elementor-widget-hub_fancy_heading\" data-id=\"7e47d5e\" data-element_type=\"widget\" data-e-type=\"widget\" data-widget_type=\"hub_fancy_heading.default\">\n\t\t\t\t<div class=\"elementor-widget-container\">\n\t\t\t\t\t\n\t\t<div id=\"ld-fancy-heading-6a047699a81d9\" class=\"ld-fancy-heading pos-rel\">\n\t\t\t<h1 class=\"ld-fh-element d-inline-block pos-rel  elementor-heading-title lqd-highlight-classic lqd-highlight-grow-left h1\"  > Vertrauensvolle Allianzen f\u00fcr eine nahtlose Expansion<\/h1>\t\t<\/div>\n\n\t\t\t\t\t\t<\/div>\n\t\t\t\t<\/div>\n\t\t\t\t<div class=\"elementor-element elementor-element-9767e39 elementor-widget__width-initial elementor-widget elementor-widget-hub_fancy_heading\" data-id=\"9767e39\" data-element_type=\"widget\" data-e-type=\"widget\" data-widget_type=\"hub_fancy_heading.default\">\n\t\t\t\t<div class=\"elementor-widget-container\">\n\t\t\t\t\t\n\t\t<div id=\"ld-fancy-heading-6a047699a8a8d\" class=\"ld-fancy-heading pos-rel\">\n\t\t\t<h1 class=\"ld-fh-element d-inline-block pos-rel  elementor-heading-title lqd-highlight-classic lqd-highlight-grow-left h1\"  > Wir arbeiten mit f\u00fchrenden Organisationen zusammen, um Unternehmen die richtige Unterst\u00fctzung, Verbindungen und Ressourcen f\u00fcr den Erfolg in Deutschland und Indien zu bieten.<\/h1>\t\t<\/div>\n\n\t\t\t\t\t\t<\/div>\n\t\t\t\t<\/div>\n\t\t\t\t<\/div>\n\t\t\t\t<\/div>\n\t\t\t\t<\/div>\n\t\t<div class=\"elementor-element elementor-element-8614493 e-con-full e-flex e-con e-parent\" data-id=\"8614493\" data-element_type=\"container\" data-e-type=\"container\" data-settings=\"{&quot;background_background&quot;:&quot;classic&quot;}\">\n\t\t<div class=\"elementor-element elementor-element-309ff00 e-con-full e-flex e-con e-child\" data-id=\"309ff00\" data-element_type=\"container\" data-e-type=\"container\">\n\t\t\t\t<div class=\"elementor-element elementor-element-51ed7fc elementor-widget__width-initial elementor-widget elementor-widget-image\" data-id=\"51ed7fc\" data-element_type=\"widget\" data-e-type=\"widget\" data-widget_type=\"image.default\">\n\t\t\t\t\t\t\t\t\t\t\t\t\t\t\t<img decoding=\"async\" width=\"500\" height=\"250\" src=\"data:image\/svg+xml;charset=utf-8,%3Csvg xmlns%3D&#039;http%3A%2F%2Fwww.w3.org%2F2000%2Fsvg&#039; viewBox%3D&#039;0 0 500 250&#039;%2F%3E\" class=\"attachment-full size-full wp-image-542 ld-lazyload\" alt=\"\" data-src=\"https:\/\/igbpro.de\/wp-content\/uploads\/2025\/02\/Frame-8.png\" data-srcset=\"https:\/\/igbpro.de\/wp-content\/uploads\/2025\/02\/Frame-8.png 500w, https:\/\/igbpro.de\/wp-content\/uploads\/2025\/02\/Frame-8-300x150.png 300w, https:\/\/igbpro.de\/wp-content\/uploads\/2025\/02\/Frame-8-18x9.avif 18w\" data-sizes=\"(max-width: 500px) 100vw, 500px\" data-aspect=\"2\" \/>\t\t\t\t\t\t\t\t\t\t\t\t\t\t\t<\/div>\n\t\t<div class=\"elementor-element elementor-element-59c70c7 e-con-full e-flex e-con e-child\" data-id=\"59c70c7\" data-element_type=\"container\" data-e-type=\"container\" data-settings=\"{&quot;background_background&quot;:&quot;classic&quot;}\">\n\t\t\t\t<div class=\"elementor-element elementor-element-dac897a elementor-widget elementor-widget-hub_fancy_heading\" data-id=\"dac897a\" data-element_type=\"widget\" data-e-type=\"widget\" data-widget_type=\"hub_fancy_heading.default\">\n\t\t\t\t<div class=\"elementor-widget-container\">\n\t\t\t\t\t\n\t\t<div id=\"ld-fancy-heading-6a047699a9324\" class=\"ld-fancy-heading pos-rel\">\n\t\t\t<h1 class=\"ld-fh-element d-inline-block pos-rel  elementor-heading-title lqd-highlight-classic lqd-highlight-grow-left h1\" ><a href=\"#\" > Lassen Sie uns die IT \u00fcberbr\u00fccken\n<\/a><\/h1>\t\t<\/div>\n\n\t\t\t\t\t\t<\/div>\n\t\t\t\t<\/div>\n\t\t\t\t<div class=\"elementor-element elementor-element-87554af elementor-widget__width-initial elementor-widget elementor-widget-hub_fancy_heading\" data-id=\"87554af\" data-element_type=\"widget\" data-e-type=\"widget\" data-widget_type=\"hub_fancy_heading.default\">\n\t\t\t\t<div class=\"elementor-widget-container\">\n\t\t\t\t\t\n\t\t<div id=\"ld-fancy-heading-6a047699a9c02\" class=\"ld-fancy-heading pos-rel\">\n\t\t\t<h1 class=\"ld-fh-element d-inline-block pos-rel  elementor-heading-title lqd-highlight-classic lqd-highlight-grow-left h1\"  > Leitet das Kooperationsb\u00fcro des Landes Baden-W\u00fcrttemberg in Maharashtra, den Service Desk f\u00fcr Fachkr\u00e4ftemobilit\u00e4t und das Kontaktb\u00fcro f\u00fcr sechs Hochschulen f\u00fcr angewandte Wissenschaften in Baden-W\u00fcrttemberg. Let&#039;s Bridge vernetzt seit dem Jahr 2000 indische und deutsche Unternehmen, erleichtert die deutsch-indische Zusammenarbeit und unterst\u00fctzt den Markteintritt von Indien nach Deutschland und umgekehrt.<\/h1>\t\t<\/div>\n\n\t\t\t\t\t\t<\/div>\n\t\t\t\t<\/div>\n\t\t\t\t<\/div>\n\t\t\t\t<\/div>\n\t\t<div class=\"elementor-element elementor-element-22ee040 e-con-full e-flex e-con e-child\" data-id=\"22ee040\" data-element_type=\"container\" data-e-type=\"container\">\n\t\t\t\t<div class=\"elementor-element elementor-element-21bf6c5 elementor-widget__width-initial elementor-widget elementor-widget-image\" data-id=\"21bf6c5\" data-element_type=\"widget\" data-e-type=\"widget\" data-widget_type=\"image.default\">\n\t\t\t\t\t\t\t\t\t\t\t\t\t\t\t<img decoding=\"async\" width=\"500\" height=\"250\" src=\"data:image\/svg+xml;charset=utf-8,%3Csvg xmlns%3D&#039;http%3A%2F%2Fwww.w3.org%2F2000%2Fsvg&#039; viewBox%3D&#039;0 0 500 250&#039;%2F%3E\" class=\"attachment-full size-full wp-image-545 ld-lazyload\" alt=\"\" data-src=\"https:\/\/igbpro.de\/wp-content\/uploads\/2025\/02\/Frame-11.png\" data-srcset=\"https:\/\/igbpro.de\/wp-content\/uploads\/2025\/02\/Frame-11.png 500w, https:\/\/igbpro.de\/wp-content\/uploads\/2025\/02\/Frame-11-300x150.png 300w, https:\/\/igbpro.de\/wp-content\/uploads\/2025\/02\/Frame-11-18x9.avif 18w\" data-sizes=\"(max-width: 500px) 100vw, 500px\" data-aspect=\"2\" \/>\t\t\t\t\t\t\t\t\t\t\t\t\t\t\t<\/div>\n\t\t<div class=\"elementor-element elementor-element-98b9013 e-con-full e-flex e-con e-child\" data-id=\"98b9013\" data-element_type=\"container\" data-e-type=\"container\" data-settings=\"{&quot;background_background&quot;:&quot;classic&quot;}\">\n\t\t\t\t<div class=\"elementor-element elementor-element-4f0ee5e elementor-widget elementor-widget-hub_fancy_heading\" data-id=\"4f0ee5e\" data-element_type=\"widget\" data-e-type=\"widget\" data-widget_type=\"hub_fancy_heading.default\">\n\t\t\t\t<div class=\"elementor-widget-container\">\n\t\t\t\t\t\n\t\t<div id=\"ld-fancy-heading-6a047699aa4d2\" class=\"ld-fancy-heading pos-rel\">\n\t\t\t<h1 class=\"ld-fh-element d-inline-block pos-rel  elementor-heading-title lqd-highlight-classic lqd-highlight-grow-left h1\" ><a href=\"#\" > Stadt Karlsruhe \u2013 Amt f\u00fcr Wirtschaftsf\u00f6rderung\n<\/a><\/h1>\t\t<\/div>\n\n\t\t\t\t\t\t<\/div>\n\t\t\t\t<\/div>\n\t\t\t\t<div class=\"elementor-element elementor-element-0d286bb elementor-widget__width-initial elementor-widget elementor-widget-hub_fancy_heading\" data-id=\"0d286bb\" data-element_type=\"widget\" data-e-type=\"widget\" data-widget_type=\"hub_fancy_heading.default\">\n\t\t\t\t<div class=\"elementor-widget-container\">\n\t\t\t\t\t\n\t\t<div id=\"ld-fancy-heading-6a047699aadf6\" class=\"ld-fancy-heading pos-rel\">\n\t\t\t<h1 class=\"ld-fh-element d-inline-block pos-rel  elementor-heading-title lqd-highlight-classic lqd-highlight-grow-left h1\"  > Die Wirtschaftsf\u00f6rderung Karlsruhe unterst\u00fctzt Unternehmen bei der Gesch\u00e4ftserweiterung, bietet Investitionsm\u00f6glichkeiten und Starthilfe und unterst\u00fctzt sie durch strategische Beratung und lokale Kontakte bei der Ansiedlung und beim Wachstum in der Region.\n\n<\/h1>\t\t<\/div>\n\n\t\t\t\t\t\t<\/div>\n\t\t\t\t<\/div>\n\t\t\t\t<\/div>\n\t\t\t\t<\/div>\n\t\t<div class=\"elementor-element elementor-element-2f6c75a e-con-full e-flex e-con e-child\" data-id=\"2f6c75a\" data-element_type=\"container\" data-e-type=\"container\">\n\t\t\t\t<div class=\"elementor-element elementor-element-fcf211c elementor-widget__width-initial elementor-widget elementor-widget-image\" data-id=\"fcf211c\" data-element_type=\"widget\" data-e-type=\"widget\" data-widget_type=\"image.default\">\n\t\t\t\t\t\t\t\t\t\t\t\t\t\t\t<img loading=\"lazy\" decoding=\"async\" width=\"500\" height=\"250\" src=\"data:image\/svg+xml;charset=utf-8,%3Csvg xmlns%3D&#039;http%3A%2F%2Fwww.w3.org%2F2000%2Fsvg&#039; viewBox%3D&#039;0 0 500 250&#039;%2F%3E\" class=\"attachment-full size-full wp-image-543 ld-lazyload\" alt=\"\" data-src=\"https:\/\/igbpro.de\/wp-content\/uploads\/2025\/02\/Frame-9.png\" data-srcset=\"https:\/\/igbpro.de\/wp-content\/uploads\/2025\/02\/Frame-9.png 500w, https:\/\/igbpro.de\/wp-content\/uploads\/2025\/02\/Frame-9-300x150.png 300w, https:\/\/igbpro.de\/wp-content\/uploads\/2025\/02\/Frame-9-18x9.avif 18w\" data-sizes=\"(max-width: 500px) 100vw, 500px\" data-aspect=\"2\" \/>\t\t\t\t\t\t\t\t\t\t\t\t\t\t\t<\/div>\n\t\t<div class=\"elementor-element elementor-element-691c637 e-con-full e-flex e-con e-child\" data-id=\"691c637\" data-element_type=\"container\" data-e-type=\"container\" data-settings=\"{&quot;background_background&quot;:&quot;classic&quot;}\">\n\t\t\t\t<div class=\"elementor-element elementor-element-c0410ea elementor-widget elementor-widget-hub_fancy_heading\" data-id=\"c0410ea\" data-element_type=\"widget\" data-e-type=\"widget\" data-widget_type=\"hub_fancy_heading.default\">\n\t\t\t\t<div class=\"elementor-widget-container\">\n\t\t\t\t\t\n\t\t<div id=\"ld-fancy-heading-6a047699ab6d4\" class=\"ld-fancy-heading pos-rel\">\n\t\t\t<h1 class=\"ld-fh-element d-inline-block pos-rel  elementor-heading-title lqd-highlight-classic lqd-highlight-grow-left h1\" ><a href=\"#\" > Stadt Baden-Baden\n<\/a><\/h1>\t\t<\/div>\n\n\t\t\t\t\t\t<\/div>\n\t\t\t\t<\/div>\n\t\t\t\t<div class=\"elementor-element elementor-element-f77010b elementor-widget__width-initial elementor-widget elementor-widget-hub_fancy_heading\" data-id=\"f77010b\" data-element_type=\"widget\" data-e-type=\"widget\" data-widget_type=\"hub_fancy_heading.default\">\n\t\t\t\t<div class=\"elementor-widget-container\">\n\t\t\t\t\t\n\t\t<div id=\"ld-fancy-heading-6a047699abfea\" class=\"ld-fancy-heading pos-rel\">\n\t\t\t<h1 class=\"ld-fh-element d-inline-block pos-rel  elementor-heading-title lqd-highlight-classic lqd-highlight-grow-left h1\"  > Ein wichtiges Wirtschaftszentrum mit wirtschaftsfreundlicher Politik, Vernetzungsm\u00f6glichkeiten und einem etablierten kommerziellen \u00d6kosystem f\u00fcr Unternehmen, die in Deutschland expandieren m\u00f6chten.\n\n<\/h1>\t\t<\/div>\n\n\t\t\t\t\t\t<\/div>\n\t\t\t\t<\/div>\n\t\t\t\t<\/div>\n\t\t\t\t<\/div>\n\t\t<div class=\"elementor-element elementor-element-48b8bf2 e-con-full e-flex e-con e-child\" data-id=\"48b8bf2\" data-element_type=\"container\" data-e-type=\"container\">\n\t\t\t\t<div class=\"elementor-element elementor-element-7059302 elementor-widget__width-initial elementor-widget elementor-widget-image\" data-id=\"7059302\" data-element_type=\"widget\" data-e-type=\"widget\" data-widget_type=\"image.default\">\n\t\t\t\t\t\t\t\t\t\t\t\t\t\t\t<img loading=\"lazy\" decoding=\"async\" width=\"500\" height=\"250\" src=\"data:image\/svg+xml;charset=utf-8,%3Csvg xmlns%3D&#039;http%3A%2F%2Fwww.w3.org%2F2000%2Fsvg&#039; viewBox%3D&#039;0 0 500 250&#039;%2F%3E\" class=\"attachment-full size-full wp-image-544 ld-lazyload\" alt=\"\" data-src=\"https:\/\/igbpro.de\/wp-content\/uploads\/2025\/02\/Frame-10.png\" data-srcset=\"https:\/\/igbpro.de\/wp-content\/uploads\/2025\/02\/Frame-10.png 500w, https:\/\/igbpro.de\/wp-content\/uploads\/2025\/02\/Frame-10-300x150.png 300w, https:\/\/igbpro.de\/wp-content\/uploads\/2025\/02\/Frame-10-18x9.avif 18w\" data-sizes=\"(max-width: 500px) 100vw, 500px\" data-aspect=\"2\" \/>\t\t\t\t\t\t\t\t\t\t\t\t\t\t\t<\/div>\n\t\t<div class=\"elementor-element elementor-element-6a8b92a e-con-full e-flex e-con e-child\" data-id=\"6a8b92a\" data-element_type=\"container\" data-e-type=\"container\" data-settings=\"{&quot;background_background&quot;:&quot;classic&quot;}\">\n\t\t\t\t<div class=\"elementor-element elementor-element-4ba2aaa elementor-widget elementor-widget-hub_fancy_heading\" data-id=\"4ba2aaa\" data-element_type=\"widget\" data-e-type=\"widget\" data-widget_type=\"hub_fancy_heading.default\">\n\t\t\t\t<div class=\"elementor-widget-container\">\n\t\t\t\t\t\n\t\t<div id=\"ld-fancy-heading-6a047699ac8c4\" class=\"ld-fancy-heading pos-rel\">\n\t\t\t<h1 class=\"ld-fh-element d-inline-block pos-rel  elementor-heading-title lqd-highlight-classic lqd-highlight-grow-left h1\" ><a href=\"#\" > Automotive Engineering Network Karlsruhe\n<\/a><\/h1>\t\t<\/div>\n\n\t\t\t\t\t\t<\/div>\n\t\t\t\t<\/div>\n\t\t\t\t<div class=\"elementor-element elementor-element-8b65d95 elementor-widget__width-initial elementor-widget elementor-widget-hub_fancy_heading\" data-id=\"8b65d95\" data-element_type=\"widget\" data-e-type=\"widget\" data-widget_type=\"hub_fancy_heading.default\">\n\t\t\t\t<div class=\"elementor-widget-container\">\n\t\t\t\t\t\n\t\t<div id=\"ld-fancy-heading-6a047699ad1a0\" class=\"ld-fancy-heading pos-rel\">\n\t\t\t<h1 class=\"ld-fh-element d-inline-block pos-rel  elementor-heading-title lqd-highlight-classic lqd-highlight-grow-left h1\"  > Eine f\u00fchrende Plattform f\u00fcr technologieorientierte Unternehmen, Startups und KMU, um auf Branchenexpertise, Innovationsunterst\u00fctzung und Ressourcen zur Gesch\u00e4ftsentwicklung im deutschen Automobilsektor zuzugreifen.<\/h1>\t\t<\/div>\n\n\t\t\t\t\t\t<\/div>\n\t\t\t\t<\/div>\n\t\t\t\t<\/div>\n\t\t\t\t<\/div>\n\t\t\t\t<\/div>\n\t\t<div class=\"elementor-element elementor-element-aecd350 e-con-full e-flex e-con e-parent\" data-id=\"aecd350\" data-element_type=\"container\" data-e-type=\"container\" data-settings=\"{&quot;background_background&quot;:&quot;classic&quot;}\">\n\t\t\t\t<div class=\"elementor-element elementor-element-c479a90 elementor-widget__width-initial elementor-widget-mobile__width-inherit elementor-widget elementor-widget-hub_fancy_heading\" data-id=\"c479a90\" data-element_type=\"widget\" data-e-type=\"widget\" data-widget_type=\"hub_fancy_heading.default\">\n\t\t\t\t<div class=\"elementor-widget-container\">\n\t\t\t\t\t\n\t\t<div id=\"ld-fancy-heading-6a047699adc86\" class=\"ld-fancy-heading pos-rel\">\n\t\t\t<h1 class=\"ld-fh-element d-inline-block pos-rel  elementor-heading-title lqd-highlight-classic lqd-highlight-grow-left h1\"  data-inview=\"true\" data-transition-delay=\"true\" data-delay-options=\"{&quot;elements&quot;:&quot;.lqd-highlight-inner&quot;,&quot;delayType&quot;:&quot;transition&quot;}\" > <span class=\"lqd-adv-txt-item elementor-repeater-item-a74fa9d\">Bereit f\u00fcr die Expansion Ihres Unternehmens nach<\/span><span class=\"lqd-adv-txt-item elementor-repeater-item-4e74dfc\"> Deutschland<\/span><span class=\"lqd-adv-txt-item elementor-repeater-item-525c8b2\">?<\/span><\/h1>\t\t<\/div>\n\n\t\t\t\t\t\t<\/div>\n\t\t\t\t<\/div>\n\t\t\t\t<div class=\"elementor-element elementor-element-a3c5b79 elementor-widget__width-initial elementor-widget-tablet__width-inherit elementor-widget elementor-widget-hub_fancy_heading\" data-id=\"a3c5b79\" data-element_type=\"widget\" data-e-type=\"widget\" data-widget_type=\"hub_fancy_heading.default\">\n\t\t\t\t<div class=\"elementor-widget-container\">\n\t\t\t\t\t\n\t\t<div id=\"ld-fancy-heading-6a047699ae654\" class=\"ld-fancy-heading pos-rel\">\n\t\t\t<p class=\"ld-fh-element d-inline-block pos-rel  lqd-highlight-classic lqd-highlight-grow-left p\"  > Pr\u00fcfen Sie noch heute Ihre Berechtigung!!<\/p>\t\t<\/div>\n\n\t\t\t\t\t\t<\/div>\n\t\t\t\t<\/div>\n\t\t\t\t<div class=\"elementor-element elementor-element-8962add elementor-align-left elementor-widget elementor-widget-ld_button\" data-id=\"8962add\" data-element_type=\"widget\" data-e-type=\"widget\" data-widget_type=\"ld_button.default\">\n\t\t\t\t<div class=\"elementor-widget-container\">\n\t\t\t\t\t\n\t\t\t<a\n\t\t\t\thref=\"https:\/\/igbpro.de\/book-a-consultation\/\"class=\"elementor-button btn btn-solid btn-hover-txt-switch btn-hover-txt-switch-y btn-disable-magnetic-icon btn-icon-left btn-icon-circle btn-icon-md btn-icon-shaped btn-icon-bordered btn-has-label\"\t\t\t>\n\t\t\t\t\t\t\t\t\t<span data-text=\"BOOK A CONSULTATION\" class=\"btn-txt\" data-transition-delay=\"true\" data-delay-options=\"{&quot;elements&quot;: &quot;.lqd-chars&quot;, &quot;delayType&quot;: &quot;animation&quot;, &quot;startDelay&quot;: 0, &quot;delayBetween&quot;: 32.5}\" data-split-text=\"true\" data-split-options=\"{&quot;type&quot;: &quot;chars, words&quot;}\">\n\t\t\t\t\t\tBUCHEN SIE EINE BERATUNG\t\t\t\t\t<\/span>\n\t\t\t\t\t\t\t\t\t\t\t\t\t\t<span class=\"btn-icon\">\n\t\t\t\t\t\t\t<i aria-hidden=\"true\" class=\"lqd-icn-ess icon-ion-ios-add\"><\/i>\t\t\t\t\t\t<\/span>\n\t\t\t\t\t\t\t\t\t<\/a>\n\t\t\t\t\t\t\t<\/div>\n\t\t\t\t<\/div>\n\t\t\t\t<\/div>\n\t\t\t\t<\/div>","protected":false},"excerpt":{"rendered":"<p>Startseite PARTNER Strategische Partnerschaften mit Branchenf\u00fchrern, Regierungsbeh\u00f6rden und Unternehmensnetzwerken in Deutschland und Indien. Erfolg in einem neuen Markt h\u00e4ngt von den richtigen Kontakten ab. Wir arbeiten mit wichtigen Partnern zusammen \u2013 von staatlichen Institutionen bis hin zu Branchenverb\u00e4nden \u2013, um Unternehmen die Ressourcen, das Know-how und die Netzwerke bereitzustellen, die f\u00fcr eine reibungslose Expansion notwendig sind. \u00dcber uns Werden Sie Teil unseres Teams [\u2026]<\/p>","protected":false},"author":1,"featured_media":0,"parent":0,"menu_order":0,"comment_status":"closed","ping_status":"closed","template":"elementor_header_footer","meta":{"footnotes":""},"class_list":["post-502","page","type-page","status-publish","hentry"],"_links":{"self":[{"href":"https:\/\/igbpro.de\/de\/wp-json\/wp\/v2\/pages\/502","targetHints":{"allow":["GET"]}}],"collection":[{"href":"https:\/\/igbpro.de\/de\/wp-json\/wp\/v2\/pages"}],"about":[{"href":"https:\/\/igbpro.de\/de\/wp-json\/wp\/v2\/types\/page"}],"author":[{"embeddable":true,"href":"https:\/\/igbpro.de\/de\/wp-json\/wp\/v2\/users\/1"}],"replies":[{"embeddable":true,"href":"https:\/\/igbpro.de\/de\/wp-json\/wp\/v2\/comments?post=502"}],"version-history":[{"count":28,"href":"https:\/\/igbpro.de\/de\/wp-json\/wp\/v2\/pages\/502\/revisions"}],"predecessor-version":[{"id":803,"href":"https:\/\/igbpro.de\/de\/wp-json\/wp\/v2\/pages\/502\/revisions\/803"}],"wp:attachment":[{"href":"https:\/\/igbpro.de\/de\/wp-json\/wp\/v2\/media?parent=502"}],"curies":[{"name":"wp","href":"https:\/\/api.w.org\/{rel}","templated":true}]}}