{"id":631,"date":"2025-02-17T06:17:22","date_gmt":"2025-02-17T06:17:22","guid":{"rendered":"https:\/\/igbpro.de\/?page_id=631"},"modified":"2025-02-17T06:18:23","modified_gmt":"2025-02-17T06:18:23","slug":"impressum","status":"publish","type":"page","link":"https:\/\/igbpro.de\/de\/impressum\/","title":{"rendered":"Impressum"},"content":{"rendered":"<h2 class=\"wp-block-heading\"><strong>Indo-German Business Promotion GmbH<\/strong><br>Akademie-Str. 38-40<br>76133 Karlsruhe<\/h2>\n\n\n\n<p><strong>Vertreten durch:<\/strong><br>Tasvvar Ali und Christoph Schuler<\/p>\n\n\n\n<hr class=\"wp-block-separator has-alpha-channel-opacity\"\/>\n\n\n\n<h3 class=\"wp-block-heading\"><strong>Kontakt<\/strong><\/h3>\n\n\n\n<p>\ud83d\udcde <strong>Telefon:<\/strong> +49 (0) 17661708000<br>\ud83d\udce0 <strong>Telefax:<\/strong> +49 (0) 71212628494<br>\u2709 <strong>E-Mail:<\/strong> <a>christoph.schuler@igbpro.de<\/a><\/p>\n\n\n\n<hr class=\"wp-block-separator has-alpha-channel-opacity\"\/>\n\n\n\n<h3 class=\"wp-block-heading\"><strong>EU-Streitschlichtung<\/strong><\/h3>\n\n\n\n<p>Die Europ\u00e4ische Kommission stellt eine Plattform zur Online-Streitbeilegung (OS) bereit:<br>\ud83d\udd17 <a href=\"https:\/\/ec.europa.eu\/consumers\/odr\/\">https:\/\/ec.europa.eu\/consumers\/odr\/<\/a><br>Unsere E-Mail-Adresse finden Sie oben im Impressum.<\/p>\n\n\n\n<hr class=\"wp-block-separator has-alpha-channel-opacity\"\/>\n\n\n\n<h3 class=\"wp-block-heading\"><strong>Verbraucherstreitbeilegung \/ Universalschlichtungsstelle<\/strong><\/h3>\n\n\n\n<p>Wir nehmen an einem Streitbeilegungsverfahren vor einer Verbraucherschlichtungsstelle teil.<br>Zust\u00e4ndig ist die Universalschlichtungsstelle des Zentrums f\u00fcr Schlichtung eV, Stra\u00dfburger Stra\u00dfe 8, 77694 Kehl am Rhein.<br>\ud83d\udd17 <a href=\"https:\/\/www.verbraucher-schlichter.de\">https:\/\/www.verbraucher-schlichter.de<\/a><\/p>\n\n\n\n<hr class=\"wp-block-separator has-alpha-channel-opacity\"\/>\n\n\n\n<p><strong>Quelle:<\/strong><br>\ud83d\udd17 <a href=\"https:\/\/www.e-recht24.de\/impressum-generator.html\">https:\/\/www.e-recht24.de\/impressum-generator.html<\/a><\/p>","protected":false},"excerpt":{"rendered":"<p>Indo-German Business Promotion GmbHAkademie-Str. 38-4076133 Karlsruhe Vertreten durch:Tasvvar Ali und Christoph Schuler Kontakt \ud83d\udcde Telefon: +49 (0) 17661708000\ud83d\udce0 Telefax: +49 (0) 71212628494\u2709 E-Mail: christoph.schuler@igbpro.de EU-Streitschlichtung Die Europ\u00e4ische Kommission stellt eine Plattform zur Online-Streitbeilegung (OS) bereit:\ud83d\udd17 https:\/\/ec.europa.eu\/consumers\/odr\/Unsere E-Mail-Adresse finden Sie oben im Impressum. Verbraucherstreitbeilegung \/ Universalschlichtungsstelle Wir nehmen an einem Streitbeilegungsverfahren vor einer Verbraucherschlichtungsstelle teil.Zust\u00e4ndig ist [&hellip;]<\/p>","protected":false},"author":1,"featured_media":0,"parent":0,"menu_order":0,"comment_status":"closed","ping_status":"closed","template":"","meta":{"footnotes":""},"class_list":["post-631","page","type-page","status-publish","hentry"],"_links":{"self":[{"href":"https:\/\/igbpro.de\/de\/wp-json\/wp\/v2\/pages\/631","targetHints":{"allow":["GET"]}}],"collection":[{"href":"https:\/\/igbpro.de\/de\/wp-json\/wp\/v2\/pages"}],"about":[{"href":"https:\/\/igbpro.de\/de\/wp-json\/wp\/v2\/types\/page"}],"author":[{"embeddable":true,"href":"https:\/\/igbpro.de\/de\/wp-json\/wp\/v2\/users\/1"}],"replies":[{"embeddable":true,"href":"https:\/\/igbpro.de\/de\/wp-json\/wp\/v2\/comments?post=631"}],"version-history":[{"count":2,"href":"https:\/\/igbpro.de\/de\/wp-json\/wp\/v2\/pages\/631\/revisions"}],"predecessor-version":[{"id":633,"href":"https:\/\/igbpro.de\/de\/wp-json\/wp\/v2\/pages\/631\/revisions\/633"}],"wp:attachment":[{"href":"https:\/\/igbpro.de\/de\/wp-json\/wp\/v2\/media?parent=631"}],"curies":[{"name":"wp","href":"https:\/\/api.w.org\/{rel}","templated":true}]}}